{"id":3114,"date":"2025-10-06T12:59:37","date_gmt":"2025-10-06T10:59:37","guid":{"rendered":"https:\/\/tetraneuron.wpenginepowered.com\/politica-de-privacidad\/"},"modified":"2025-11-03T19:15:49","modified_gmt":"2025-11-03T18:15:49","slug":"privacy-policy","status":"publish","type":"page","link":"https:\/\/tetraneuron.com\/es\/privacy-policy\/","title":{"rendered":"Pol\u00edtica de Privacidad"},"content":{"rendered":"\t\t<div data-elementor-type=\"wp-page\" data-elementor-id=\"3114\" class=\"elementor elementor-3114 elementor-3021\" data-elementor-post-type=\"page\">\n\t\t\t\t<div class=\"has_ae_slider elementor-element elementor-element-919cc95 e-flex e-con-boxed ae-bg-gallery-type-default e-con e-parent\" data-id=\"919cc95\" data-element_type=\"container\" data-settings=\"{&quot;background_background&quot;:&quot;classic&quot;}\">\n\t\t\t\t\t<div class=\"e-con-inner\">\n\t\t\t\t\t<\/div>\n\t\t\t\t<\/div>\n\t\t<div class=\"has_ae_slider elementor-element elementor-element-809a77a rrm-page_menu e-flex e-con-boxed ae-bg-gallery-type-default e-con e-parent\" data-id=\"809a77a\" data-element_type=\"container\" data-settings=\"{&quot;background_background&quot;:&quot;classic&quot;}\">\n\t\t\t\t\t<div class=\"e-con-inner\">\n\t\t\t\t\t<\/div>\n\t\t\t\t<\/div>\n\t\t<div class=\"has_ae_slider elementor-element elementor-element-06006b3 e-flex e-con-boxed ae-bg-gallery-type-default e-con e-parent\" data-id=\"06006b3\" data-element_type=\"container\">\n\t\t\t\t\t<div class=\"e-con-inner\">\n\t\t\t\t<div class=\"elementor-element elementor-element-944d088 elementor-widget elementor-widget-text-editor\" data-id=\"944d088\" data-element_type=\"widget\" data-widget_type=\"text-editor.default\">\n\t\t\t\t<div class=\"elementor-widget-container\">\n\t\t\t\t\t\t\t\t\t<p><em>Esta declaraci\u00f3n de privacidad se actualiz\u00f3 por \u00faltima vez el 24\/10\/2025 y se aplica a ciudadanos y residentes legales permanentes del Espacio Econ\u00f3mico Europeo y Suiza.<\/em><\/p><p>En esta declaraci\u00f3n de privacidad, explicamos qu\u00e9 hacemos con los datos que obtenemos sobre usted a trav\u00e9s de <a href=\"https:\/\/tetraneuron.com\/en\/\">https:\/\/tetraneuron.com\/es\/<\/a>.<\/p><p>Le recomendamos leer atentamente esta declaraci\u00f3n. En nuestro tratamiento de datos, cumplimos con los requisitos de la legislaci\u00f3n de privacidad, incluido el Reglamento (UE) 2016\/679 (RGPD) y la Ley Org\u00e1nica 3\/2018 (LOPDGDD) espa\u00f1ola. <\/p><p>Esto significa, entre otras cosas, que:<\/p><ul><li>Indicamos claramente los fines y las bases jur\u00eddicas para las que tratamos datos personales;<\/li><li>Limitamos la recopilaci\u00f3n de datos personales \u00fanicamente a lo necesario para fines leg\u00edtimos;<\/li><li>Solicitamos su consentimiento expl\u00edcito para tratar sus datos personales en los casos que lo requieran;<\/li><li>Adoptamos medidas de seguridad t\u00e9cnicas y organizativas adecuadas para proteger sus datos personales y exigimos lo mismo a las partes que tratan datos en nuestro nombre.<\/li><li>Respetamos su derecho a acceder, corregir o eliminar sus datos personales a petici\u00f3n suya.<\/li><\/ul><p>En caso de preguntas o para saber exactamente qu\u00e9 datos conservamos, p\u00f3ngase en contacto con nosotros.<\/p><h2 style=\"font-size: 22px;\">1. Finalidad, base jur\u00eddica y plazo de conservaci\u00f3n<\/h2><p>Podemos recopilar o recibir informaci\u00f3n personal para diversos fines relacionados con nuestra actividad comercial, entre los que se incluyen los siguientes:<\/p><table><thead><tr><td><p><strong> <\/strong><\/p><p><strong>Finalidad<\/strong><\/p><\/td><td><strong><td>Datos Recopilados<\/td>Base Jur\u00eddica<td>Plazo de Conservaci\u00f3n<\/td><\/strong><\/td><\/tr><\/thead><tbody><tr><td>Contacto por tel\u00e9fono, correo postal, correo electr\u00f3nico o formularios web<\/td><td>Nombre, direcci\u00f3n de correo electr\u00f3nico, contenido del mensaje<\/td><td>Consentimiento (Art. 6.1.a RGPD)<\/td><td>Hasta que se resuelva la solicitud + 1 a\u00f1o<\/td><\/tr><tr><td>Comunicaciones comerciales o profesionales<\/td><td>Datos de identificaci\u00f3n y contacto<\/td><td>Inter\u00e9s leg\u00edtimo (Art. 6.1.f RGPD)<\/td><td>Mientras la relaci\u00f3n se mantenga activa<\/td><\/tr><tr><td><\/td><td>Cumplimiento de obligaciones legales<\/td>Datos necesarios para cumplir dichas obligaciones<td>Obligaci\u00f3n legal (Art. 6.1.c RGPD)<\/td><td>Durante el tiempo que lo exija la ley<\/td><\/tr><\/tbody><\/table><p><em>No recopilamos intencionadamente datos personales sensibles.<\/em><\/p><h2 style=\"font-size: 22px;\">2. Cookies<\/h2><p>Nuestro sitio web utiliza cookies y tecnolog\u00edas similares. Para obtener m\u00e1s informaci\u00f3n sobre las cookies, incluidos los tipos que utilizamos, la duraci\u00f3n de su almacenamiento y c\u00f3mo gestionar o retirar su consentimiento, consulte nuestra <a href=\"https:\/\/tetraneuron.com\/es\/cookies-policy\/\">Pol\u00edtica de Cookies<\/a>. <\/p><h2 style=\"font-size: 22px;\">3. Pr\u00e1cticas de divulgaci\u00f3n<\/h2><p>Divulgamos informaci\u00f3n personal si as\u00ed lo exige la ley o una orden judicial, en respuesta a una solicitud de las fuerzas del orden o para una investigaci\u00f3n relacionada con la seguridad p\u00fablica.<\/p><p>Si nuestro sitio web u organizaci\u00f3n es adquirido, vendido o participa en una fusi\u00f3n o adquisici\u00f3n, sus datos podr\u00e1n ser divulgados a asesores y posibles compradores y transferidos a los nuevos propietarios.<\/p><p>Hemos firmado un Acuerdo de Procesamiento de Datos con Google y otros proveedores de servicios.<br>Google no podr\u00e1 utilizar los datos para ning\u00fan otro servicio de la empresa.<br>Bloqueamos la inclusi\u00f3n de direcciones IP completas.<\/p><p><em>Cuando los datos se transfieren fuera del Espacio Econ\u00f3mico Europeo, garantizamos que se apliquen las salvaguardias adecuadas, como las Cl\u00e1usulas Contractuales Tipo aprobadas por la Comisi\u00f3n Europea.<\/em><\/p><h2 style=\"font-size: 22px;\">4. Seguridad<\/h2><p>Nos comprometemos a proteger la seguridad de los datos personales.<\/p><p>Adoptamos las medidas de seguridad adecuadas para limitar el uso indebido y el acceso no autorizado a los datos personales. Esto garantiza que solo las personas necesarias tengan acceso, que los datos est\u00e9n protegidos y que nuestras medidas se revisen peri\u00f3dicamente. Estas medidas se revisan peri\u00f3dicamente para mantener el cumplimiento de los requisitos de seguridad del RGPD.  <\/p><h2 style=\"font-size: 22px;\">5. Sitios web de terceros<\/h2><p>Esta declaraci\u00f3n de privacidad no se aplica a los sitios web de terceros enlazados desde nuestro sitio web.<br>No podemos garantizar que estos terceros traten sus datos de forma fiable o segura.<br>Le recomendamos leer las declaraciones de privacidad de dichos sitios web antes de utilizarlos.<\/p><h2 style=\"font-size: 22px;\">6. Modificaciones de esta declaraci\u00f3n de privacidad<\/h2><p>Nos reservamos el derecho a modificar esta declaraci\u00f3n de privacidad. Cualquier cambio se publicar\u00e1 en esta p\u00e1gina y, cuando corresponda, se notificar\u00e1 a los usuarios mediante un aviso o comunicaci\u00f3n directa. <\/p><p>Le recomendamos consultar esta declaraci\u00f3n peri\u00f3dicamente para estar al tanto de cualquier cambio.<\/p><h2 style=\"font-size: 22px;\">7. Sus derechos<\/h2><p>Usted tiene los siguientes derechos en relaci\u00f3n con sus datos personales:<\/p><ul><li>Derecho a la informaci\u00f3n: a saber por qu\u00e9 se necesitan sus datos, c\u00f3mo se procesan y durante cu\u00e1nto tiempo.<\/li><li>Derecho de acceso: a acceder a sus datos personales que obran en nuestro poder.<\/li><li>Derecho de rectificaci\u00f3n: a corregir o completar datos inexactos.<\/li><li>Derecho de supresi\u00f3n (\u00abderecho al olvido\u00bb).<\/li><li>Derecho a la limitaci\u00f3n del tratamiento.<\/li><li>Derecho a la portabilidad de los datos.<\/li><li>Derecho de oposici\u00f3n al tratamiento.<\/li><li>Derecho a retirar su consentimiento en cualquier momento.<\/li><\/ul><p><em> <\/em>Responderemos a su solicitud en el plazo de un mes, tal y como exige la ley.<\/p><p>Por favor, identif\u00edquese claramente para que podamos garantizar que los datos solo se modifiquen o eliminen para la persona correcta.<\/p><h2 style=\"font-size: 22px;\">8. Presentaci\u00f3n de una reclamaci\u00f3n<\/h2><p>Si no est\u00e1 satisfecho con la forma en que tratamos sus datos personales, tiene derecho a presentar una reclamaci\u00f3n ante la Agencia Espa\u00f1ola de Protecci\u00f3n de Datos (AEPD) o la autoridad competente de su pa\u00eds.<\/p><h2 style=\"font-size: 22px;\">9. Datos de contacto<\/h2><p><strong>Tetraneuron S.L.<\/strong><br>Calle Vel\u00e1zquez 154, esquina inferior izquierda<br>28002 Madrid, Espa\u00f1a<br>Correo electr\u00f3nico: <a href=\"mailto:info@tetraneuron.com\">info@tetraneuron.com <\/a><br>P\u00e1gina web: <a href=\"https:\/\/tetraneuron.com\/es\/\">https:\/\/tetraneuron.com\/es\/<\/a><\/p><p>Tetraneuron no cuenta actualmente con un Delegado de Protecci\u00f3n de Datos, ya que nuestras actividades de tratamiento de datos no lo requieren seg\u00fan el RGPD.<\/p>\t\t\t\t\t\t\t\t<\/div>\n\t\t\t\t<\/div>\n\t\t\t\t\t<\/div>\n\t\t\t\t<\/div>\n\t\t\t\t<\/div>\n\t\t","protected":false},"excerpt":{"rendered":"<p>Esta declaraci\u00f3n de privacidad se actualiz\u00f3 por \u00faltima vez el 24\/10\/2025 y se aplica a ciudadanos y residentes legales permanentes del Espacio Econ\u00f3mico Europeo y Suiza. En esta declaraci\u00f3n de privacidad, explicamos qu\u00e9 hacemos con los datos que obtenemos sobre usted a trav\u00e9s de https:\/\/tetraneuron.com\/es\/. Le recomendamos leer atentamente esta declaraci\u00f3n. En nuestro tratamiento de &#8230; <a title=\"Pol\u00edtica de Privacidad\" class=\"read-more\" href=\"https:\/\/tetraneuron.com\/es\/privacy-policy\/\" aria-label=\"Leer m\u00e1s sobre Pol\u00edtica de Privacidad\">Leer m\u00e1s<\/a><\/p>\n","protected":false},"author":9,"featured_media":0,"parent":0,"menu_order":0,"comment_status":"closed","ping_status":"closed","template":"elementor_header_footer","meta":{"_acf_changed":false,"inline_featured_image":false,"footnotes":""},"class_list":["post-3114","page","type-page","status-publish"],"acf":[],"_links":{"self":[{"href":"https:\/\/tetraneuron.com\/es\/wp-json\/wp\/v2\/pages\/3114","targetHints":{"allow":["GET"]}}],"collection":[{"href":"https:\/\/tetraneuron.com\/es\/wp-json\/wp\/v2\/pages"}],"about":[{"href":"https:\/\/tetraneuron.com\/es\/wp-json\/wp\/v2\/types\/page"}],"author":[{"embeddable":true,"href":"https:\/\/tetraneuron.com\/es\/wp-json\/wp\/v2\/users\/9"}],"replies":[{"embeddable":true,"href":"https:\/\/tetraneuron.com\/es\/wp-json\/wp\/v2\/comments?post=3114"}],"version-history":[{"count":0,"href":"https:\/\/tetraneuron.com\/es\/wp-json\/wp\/v2\/pages\/3114\/revisions"}],"wp:attachment":[{"href":"https:\/\/tetraneuron.com\/es\/wp-json\/wp\/v2\/media?parent=3114"}],"curies":[{"name":"wp","href":"https:\/\/api.w.org\/{rel}","templated":true}]}}