{"id":3025,"date":"2025-09-29T16:51:24","date_gmt":"2025-09-29T14:51:24","guid":{"rendered":"https:\/\/tetraneuron.wpenginepowered.com\/impulsa-nuestra-mision\/"},"modified":"2025-11-07T11:42:47","modified_gmt":"2025-11-07T10:42:47","slug":"get-involved","status":"publish","type":"page","link":"https:\/\/tetraneuron.com\/es\/get-involved\/","title":{"rendered":"Impulsa Nuestra Misi\u00f3n"},"content":{"rendered":"\t\t<div data-elementor-type=\"wp-page\" data-elementor-id=\"3025\" class=\"elementor elementor-3025 elementor-2966\" data-elementor-post-type=\"page\">\n\t\t\t\t<div class=\"has_ae_slider elementor-element elementor-element-2aac66a e-flex e-con-boxed ae-bg-gallery-type-default e-con e-parent\" data-id=\"2aac66a\" data-element_type=\"container\" data-settings=\"{&quot;background_background&quot;:&quot;classic&quot;}\">\n\t\t\t\t\t<div class=\"e-con-inner\">\n\t\t\t\t\t<\/div>\n\t\t\t\t<\/div>\n\t\t<div class=\"has_ae_slider elementor-element elementor-element-7c7cd18 rrm-page_menu e-flex e-con-boxed ae-bg-gallery-type-default e-con e-parent\" data-id=\"7c7cd18\" data-element_type=\"container\" data-settings=\"{&quot;background_background&quot;:&quot;classic&quot;}\">\n\t\t\t\t\t<div class=\"e-con-inner\">\n\t\t\t\t<div class=\"elementor-element elementor-element-d3f581e elementor-nav-menu--dropdown-none elementor-widget__width-initial elementor-widget elementor-widget-nav-menu\" data-id=\"d3f581e\" data-element_type=\"widget\" data-settings=\"{&quot;submenu_icon&quot;:{&quot;value&quot;:&quot;&lt;i class=\\&quot;\\&quot; aria-hidden=\\&quot;true\\&quot;&gt;&lt;\\\/i&gt;&quot;,&quot;library&quot;:&quot;&quot;},&quot;layout&quot;:&quot;horizontal&quot;}\" data-widget_type=\"nav-menu.default\">\n\t\t\t\t<div class=\"elementor-widget-container\">\n\t\t\t\t\t\t\t\t<nav aria-label=\"Menu\" class=\"elementor-nav-menu--main elementor-nav-menu__container elementor-nav-menu--layout-horizontal e--pointer-none\">\n\t\t\t\t<ul id=\"menu-1-d3f581e\" class=\"elementor-nav-menu\"><li class=\"menu-item menu-item-type-custom menu-item-object-custom menu-item-3037\"><a href=\"\/es\/get-involved#Alianzas\" class=\"elementor-item elementor-item-anchor\">Alianzas y Colaboraciones<\/a><\/li>\n<li class=\"menu-item menu-item-type-custom menu-item-object-custom menu-item-3038\"><a href=\"\/es\/get-involved#Financiaci\u00f3n\" class=\"elementor-item elementor-item-anchor\">Financiaci\u00f3n<\/a><\/li>\n<li class=\"menu-item menu-item-type-custom menu-item-object-custom menu-item-3039\"><a href=\"\/es\/get-involved#Empleo\" class=\"elementor-item elementor-item-anchor\">Empleo<\/a><\/li>\n<\/ul>\t\t\t<\/nav>\n\t\t\t\t\t\t<nav class=\"elementor-nav-menu--dropdown elementor-nav-menu__container\" aria-hidden=\"true\">\n\t\t\t\t<ul id=\"menu-2-d3f581e\" class=\"elementor-nav-menu\"><li class=\"menu-item menu-item-type-custom menu-item-object-custom menu-item-3037\"><a href=\"\/es\/get-involved#Alianzas\" class=\"elementor-item elementor-item-anchor\" tabindex=\"-1\">Alianzas y Colaboraciones<\/a><\/li>\n<li class=\"menu-item menu-item-type-custom menu-item-object-custom menu-item-3038\"><a href=\"\/es\/get-involved#Financiaci\u00f3n\" class=\"elementor-item elementor-item-anchor\" tabindex=\"-1\">Financiaci\u00f3n<\/a><\/li>\n<li class=\"menu-item menu-item-type-custom menu-item-object-custom menu-item-3039\"><a href=\"\/es\/get-involved#Empleo\" class=\"elementor-item elementor-item-anchor\" tabindex=\"-1\">Empleo<\/a><\/li>\n<\/ul>\t\t\t<\/nav>\n\t\t\t\t\t\t<\/div>\n\t\t\t\t<\/div>\n\t\t\t\t\t<\/div>\n\t\t\t\t<\/div>\n\t\t<div class=\"has_ae_slider elementor-element elementor-element-b0914c8 e-flex e-con-boxed ae-bg-gallery-type-default e-con e-parent\" data-id=\"b0914c8\" data-element_type=\"container\">\n\t\t\t\t\t<div class=\"e-con-inner\">\n\t\t\t\t<div class=\"elementor-element elementor-element-5254386 elementor-widget__width-initial rrm-subtit elementor-widget elementor-widget-text-editor\" data-id=\"5254386\" data-element_type=\"widget\" data-widget_type=\"text-editor.default\">\n\t\t\t\t<div class=\"elementor-widget-container\">\n\t\t\t\t\t\t\t\t\t<p>A medida que avanzamos en nuestro camino para romper barreras y crear nuevas rutas en la neurociencia, damos la bienvenida a la oportunidad de conectar con personas y organizaciones que puedan contribuir a nuestras ambiciones y misi\u00f3n.<\/p>\t\t\t\t\t\t\t\t<\/div>\n\t\t\t\t<\/div>\n\t\t\t\t\t<\/div>\n\t\t\t\t<\/div>\n\t\t<div class=\"has_ae_slider elementor-element elementor-element-5abed5b e-flex e-con-boxed ae-bg-gallery-type-default e-con e-parent\" data-id=\"5abed5b\" data-element_type=\"container\" id=\"Alianzas\">\n\t\t\t\t\t<div class=\"e-con-inner\">\n\t\t\t\t<div class=\"elementor-element elementor-element-8faebea elementor-widget__width-initial underline-tit elementor-widget elementor-widget-heading\" data-id=\"8faebea\" data-element_type=\"widget\" data-widget_type=\"heading.default\">\n\t\t\t\t<div class=\"elementor-widget-container\">\n\t\t\t\t\t<h2 class=\"elementor-heading-title elementor-size-default\">Alianzas y Colaboraciones<\/h2>\t\t\t\t<\/div>\n\t\t\t\t<\/div>\n\t\t\t\t<div class=\"elementor-element elementor-element-b9c861e elementor-widget__width-initial rrm-subtit elementor-widget elementor-widget-text-editor\" data-id=\"b9c861e\" data-element_type=\"widget\" data-widget_type=\"text-editor.default\">\n\t\t\t\t<div class=\"elementor-widget-container\">\n\t\t\t\t\t\t\t\t\t<p>\u00danete a nosotros en la vanguardia de los avances en neurociencia colaborando con Tetraneuron. Tanto si representas a una instituci\u00f3n acad\u00e9mica, una empresa biotecnol\u00f3gica o una organizaci\u00f3n sin \u00e1nimo de lucro, creemos que las colaboraciones estrat\u00e9gicas son esenciales para impulsar soluciones novedosas frente a las enfermedades neurodegenerativas. <\/p><p>Si tienes inter\u00e9s en explorar iniciativas conjuntas, codesarrollo o transferencia tecnol\u00f3gica, contacta con <a href=\"mailto:partnerships@tetraneuron.com\">partnerships@tetraneuron.com<\/a> para comenzar la conversaci\u00f3n.<\/p>\t\t\t\t\t\t\t\t<\/div>\n\t\t\t\t<\/div>\n\t\t\t\t\t<\/div>\n\t\t\t\t<\/div>\n\t\t<div class=\"has_ae_slider elementor-element elementor-element-7470c09 e-flex e-con-boxed ae-bg-gallery-type-default e-con e-parent\" data-id=\"7470c09\" data-element_type=\"container\" id=\"Financiaci\u00f3n\" data-settings=\"{&quot;background_background&quot;:&quot;classic&quot;}\">\n\t\t\t\t\t<div class=\"e-con-inner\">\n\t\t\t\t<div class=\"elementor-element elementor-element-b35455e elementor-widget__width-initial underline-tit elementor-widget elementor-widget-heading\" data-id=\"b35455e\" data-element_type=\"widget\" data-widget_type=\"heading.default\">\n\t\t\t\t<div class=\"elementor-widget-container\">\n\t\t\t\t\t<h2 class=\"elementor-heading-title elementor-size-default\">Financiaci\u00f3n <\/h2>\t\t\t\t<\/div>\n\t\t\t\t<\/div>\n\t\t\t\t<div class=\"elementor-element elementor-element-d6da46b elementor-widget__width-initial rrm-subtit elementor-widget elementor-widget-text-editor\" data-id=\"d6da46b\" data-element_type=\"widget\" data-widget_type=\"text-editor.default\">\n\t\t\t\t<div class=\"elementor-widget-container\">\n\t\t\t\t\t\t\t\t\tForma parte del impulso para transformar la neurociencia apoyando la misi\u00f3n de Tetraneuron a trav\u00e9s de filantrop\u00eda o inversi\u00f3n. Tus contribuciones ayudan a acelerar la investigaci\u00f3n y el desarrollo, ampliar los programas cl\u00ednicos y acercar terapias innovadoras a m\u00e1s pacientes en todo el mundo.\n\nSi quieres saber m\u00e1s sobre las oportunidades de inversi\u00f3n, contacta con nuestro equipo en <a class=\"fund\" style=\"color: #070707;\" href=\"mailto:fundraising@tetraneuron.com\">fundraising@tetraneuron.com<\/a> para recibir informaci\u00f3n detallada.\t\t\t\t\t\t\t\t<\/div>\n\t\t\t\t<\/div>\n\t\t\t\t\t<\/div>\n\t\t\t\t<\/div>\n\t\t<div class=\"has_ae_slider elementor-element elementor-element-0e2398f e-flex e-con-boxed ae-bg-gallery-type-default e-con e-parent\" data-id=\"0e2398f\" data-element_type=\"container\" id=\"Empleo\">\n\t\t\t\t\t<div class=\"e-con-inner\">\n\t\t\t\t<div class=\"elementor-element elementor-element-84c898f elementor-widget__width-initial underline-tit elementor-widget elementor-widget-heading\" data-id=\"84c898f\" data-element_type=\"widget\" data-widget_type=\"heading.default\">\n\t\t\t\t<div class=\"elementor-widget-container\">\n\t\t\t\t\t<h2 class=\"elementor-heading-title elementor-size-default\">Empleo<\/h2>\t\t\t\t<\/div>\n\t\t\t\t<\/div>\n\t\t\t\t<div class=\"elementor-element elementor-element-f760e9b elementor-widget__width-initial rrm-subtit elementor-widget elementor-widget-text-editor\" data-id=\"f760e9b\" data-element_type=\"widget\" data-widget_type=\"text-editor.default\">\n\t\t\t\t<div class=\"elementor-widget-container\">\n\t\t\t\t\t\t\t\t\t<p>\u00bfTe apasiona tener un impacto significativo en la neurociencia y las terapias para enfermedades neurodegenerativas? En Tetraneuron siempre buscamos personas talentosas y motivadas que deseen formar parte de un equipo din\u00e1mico a la vanguardia de la innovaci\u00f3n cient\u00edfica.<\/p><p>Las vacantes disponibles se publicar\u00e1n en esta p\u00e1gina. Tambi\u00e9n puedes enviarnos tu candidatura espont\u00e1nea, adjuntando curr\u00edculum y carta de presentaci\u00f3n, a <a href=\"mailto:careers@tetraneuron.com\">careers@tetraneuron.com<\/a>. <\/p>\t\t\t\t\t\t\t\t<\/div>\n\t\t\t\t<\/div>\n\t\t\t\t<div class=\"elementor-element elementor-element-6f63632 elementor-widget__width-initial rrm-subtit elementor-widget elementor-widget-text-editor\" data-id=\"6f63632\" data-element_type=\"widget\" data-widget_type=\"text-editor.default\">\n\t\t\t\t<div class=\"elementor-widget-container\">\n\t\t\t\t\t\t\t\t\t<p>A continuaci\u00f3n se enumeran las vacantes disponibles actualmente. \u00a1Esperamos tener noticias suyas!<\/p><ul><li><a href=\"https:\/\/tetraneuron.com\/wp-content\/uploads\/2025\/11\/Cientifico-a-de-Bioinformatica-Neurociencia.pdf\" target=\"_blank\" rel=\"noopener\">Cient\u00edfico\/a de Bioinform\u00e1tica (Neurociencia)<\/a><\/li><\/ul>\t\t\t\t\t\t\t\t<\/div>\n\t\t\t\t<\/div>\n\t\t\t\t\t<\/div>\n\t\t\t\t<\/div>\n\t\t\t\t<\/div>\n\t\t","protected":false},"excerpt":{"rendered":"<p>A medida que avanzamos en nuestro camino para romper barreras y crear nuevas rutas en la neurociencia, damos la bienvenida a la oportunidad de conectar con personas y organizaciones que puedan contribuir a nuestras ambiciones y misi\u00f3n. Alianzas y Colaboraciones \u00danete a nosotros en la vanguardia de los avances en neurociencia colaborando con Tetraneuron. Tanto &#8230; <a title=\"Impulsa Nuestra Misi\u00f3n\" class=\"read-more\" href=\"https:\/\/tetraneuron.com\/es\/get-involved\/\" aria-label=\"Leer m\u00e1s sobre Impulsa Nuestra Misi\u00f3n\">Leer m\u00e1s<\/a><\/p>\n","protected":false},"author":9,"featured_media":0,"parent":0,"menu_order":0,"comment_status":"closed","ping_status":"closed","template":"elementor_header_footer","meta":{"_acf_changed":false,"inline_featured_image":false,"footnotes":""},"class_list":["post-3025","page","type-page","status-publish"],"acf":[],"_links":{"self":[{"href":"https:\/\/tetraneuron.com\/es\/wp-json\/wp\/v2\/pages\/3025","targetHints":{"allow":["GET"]}}],"collection":[{"href":"https:\/\/tetraneuron.com\/es\/wp-json\/wp\/v2\/pages"}],"about":[{"href":"https:\/\/tetraneuron.com\/es\/wp-json\/wp\/v2\/types\/page"}],"author":[{"embeddable":true,"href":"https:\/\/tetraneuron.com\/es\/wp-json\/wp\/v2\/users\/9"}],"replies":[{"embeddable":true,"href":"https:\/\/tetraneuron.com\/es\/wp-json\/wp\/v2\/comments?post=3025"}],"version-history":[{"count":0,"href":"https:\/\/tetraneuron.com\/es\/wp-json\/wp\/v2\/pages\/3025\/revisions"}],"wp:attachment":[{"href":"https:\/\/tetraneuron.com\/es\/wp-json\/wp\/v2\/media?parent=3025"}],"curies":[{"name":"wp","href":"https:\/\/api.w.org\/{rel}","templated":true}]}}